{"id":767,"date":"2022-05-31T10:00:22","date_gmt":"2022-05-31T10:00:22","guid":{"rendered":"https:\/\/stadtboote.de\/conditions\/"},"modified":"2022-06-02T10:04:58","modified_gmt":"2022-06-02T10:04:58","slug":"agb","status":"publish","type":"page","link":"https:\/\/stadtboote.de\/en\/agb\/","title":{"rendered":"AGB"},"content":{"rendered":"[vc_row type=&#8221;in_container&#8221; full_screen_row_position=&#8221;middle&#8221; column_margin=&#8221;default&#8221; column_direction=&#8221;default&#8221; column_direction_tablet=&#8221;default&#8221; column_direction_phone=&#8221;default&#8221; scene_position=&#8221;center&#8221; text_color=&#8221;dark&#8221; text_align=&#8221;left&#8221; row_border_radius=&#8221;none&#8221; row_border_radius_applies=&#8221;bg&#8221; overflow=&#8221;visible&#8221; overlay_strength=&#8221;0.3&#8243; gradient_direction=&#8221;left_to_right&#8221; shape_divider_position=&#8221;bottom&#8221; bg_image_animation=&#8221;none&#8221;][vc_column column_padding=&#8221;no-extra-padding&#8221; column_padding_tablet=&#8221;inherit&#8221; column_padding_phone=&#8221;inherit&#8221; column_padding_position=&#8221;all&#8221; column_element_spacing=&#8221;default&#8221; background_color_opacity=&#8221;1&#8243; background_hover_color_opacity=&#8221;1&#8243; column_shadow=&#8221;none&#8221; column_border_radius=&#8221;none&#8221; column_link_target=&#8221;_self&#8221; column_position=&#8221;default&#8221; gradient_direction=&#8221;left_to_right&#8221; overlay_strength=&#8221;0.3&#8243; width=&#8221;1\/1&#8243; tablet_width_inherit=&#8221;default&#8221; tablet_text_alignment=&#8221;default&#8221; phone_text_alignment=&#8221;default&#8221; animation_type=&#8221;default&#8221; bg_image_animation=&#8221;none&#8221; border_type=&#8221;simple&#8221; column_border_width=&#8221;none&#8221; column_border_style=&#8221;solid&#8221;][split_line_heading animation_type=&#8221;line-reveal-by-space&#8221; font_style=&#8221;h1&#8243; line_reveal_by_space_text_effect=&#8221;default&#8221; content_alignment=&#8221;default&#8221; mobile_content_alignment=&#8221;inherit&#8221; link_target=&#8221;_self&#8221; text_content=&#8221;ALLGEMEINE GESCH\u00c4FTS\u00adBEDINGUNGEN&#8221;][\/split_line_heading][vc_column_text]Die nachstehenden Bedingungen sind Bestandteil des Mietvertrages, der zwischen dem Mieter und Vermieter \u00fcber ein Boot abgeschlossen wird. Mit der Buchung erkennt der Mieter die Bedingungen f\u00fcr sich und alle mitreisenden Personen an.<\/p>\n<p><b>1. Reservierung und Vertragsabschluss<\/b><br \/>\nDie Reservierung erfolgt durch schriftliche Bestellung des Mieters und wird zum festen Vertrag sobald sie vom Vermieter schriftlich best\u00e4tigt wird. Es gilt der bei Vertragsabschluss vereinbarte Mietpreis. Eine Anzahlung in H\u00f6he von 50% des Mietpreises ist nach Best\u00e4tigung der Buchung f\u00e4llig. Die Restsumme in H\u00f6he von 50% des Mietpreises muss sp\u00e4testens 14 Tage vor Reiseantritt auf dem angegebenen Konto eingegangen sein.<\/p>\n<p><b>2. R\u00fccktritt vom Vertrag<\/b><br \/>\nDer Mieter ist berechtigt ohne Angabe von Gr\u00fcnden vor Fahrtantritt jederzeit von seiner Buchung zur\u00fcckzutreten. Die Stornierung hat schriftlich zu erfolgen. Ma\u00dfgeblich f\u00fcr den Zeitpunkt der Stornierung ist nicht deren Absendung, sondern deren Zustellung beim Vermieter. Tritt der Mieter von seiner Buchung zur\u00fcck, so hat der Vermieter, sofern der R\u00fccktritt nicht auf einem Umstand beruht, den er zu vertreten hat, anstelle des Anspruches auf den vereinbarten Mietpreis einen wie folgt geregelten Anspruch:<\/p>\n<ul class=\"myul\">\n<li>Bei Stornierung bis zu 4 Wochen vor Charterbeginn, wird eine pauschale Bearbeitungsgeb\u00fchr in H\u00f6he von 50 \u20ac berechnet.<\/li>\n<li>Bei Stornierung 28-14 Tage vor Charterbeginn werden 50 % des Mietpreises berechnet.<\/li>\n<li>Bei Stornierung bis zu einem Tag vor Charterbeginn werden 75 % des Mietpreises berechnet.<\/li>\n<li>Bei Stornierung am Tag des Charterbeginns bzw. bei Nichtantritt der Charter wird der vollst\u00e4ndige Mietpreis berechnet.<\/li>\n<\/ul>\n<p>Von dieser Regelung unber\u00fchrt bleibt die Buchung und Bezahlung des Caterings. Dieses kann sp\u00e4testens 14 Tage vor Fahrtantritt storniert werden. Erfolgt die Stornierung weniger als 14 Tage vor Fahrtantritt oder kann die Fahrt gleich aus welchem Grund nicht durchgef\u00fchrt werden, so wird das Catering dennoch im vollen Umfang geliefert und abgerechnet.<\/p>\n<p><b>3. Unverf\u00fcgbarkeit<\/b><br \/>\nKann der Vermieter dem Mieter das gemietete Boot nicht zur Verf\u00fcgung stellen, so ist er berechtigt ein vergleichbares Boot anzubieten oder die vom Mieter geleisteten Zahlungen in voller H\u00f6he zur\u00fcckzuerstatten. Dar\u00fcber hinausgehende Ersatzleistungen sind ausdr\u00fccklich ausgeschlossen.<\/p>\n<p><b>4. Verhalten an Bord<\/b><br \/>\nDer Mieter hat das Boot mit gr\u00f6\u00dftm\u00f6glicher Sorgfalt zu behandeln, dieses mit s\u00e4mtlichen Zubeh\u00f6r vor Besch\u00e4digung und Zerst\u00f6rung zu bewahren, sowie Ver\u00e4nderungen und Beeintr\u00e4chtigungen zu unterlassen. Das Verhalten an Bord hat nach den allgemeinen, anerkannten Regeln der Seemannschaft und den Bestimmungen der Binnenschifffahrtsstra\u00dfen-Ordnung zu erfolgen. Den Anweisungen des Bootsf\u00fchrers ist Folge zu leisten.<\/p>\n<p><b>5. Verhalten bei St\u00f6rungen<\/b><br \/>\nTritt w\u00e4hrend der Mietzeit eine St\u00f6rung auf, die die Betriebsf\u00e4higkeit des Bootes beeintr\u00e4chtigt, so hat der Vermieter die St\u00f6rung ohne schuldhaftes Verz\u00f6gern zu beheben. Wird die St\u00f6rung ohne schuldhaftes Verz\u00f6gern behoben, so besteht kein Anspruch auf Minderung des Mietpreises.<\/p>\n<p><b>6. Haftung<\/b><br \/>\nF\u00fcr das Boot besteht eine Wassersport-Haftpflicht-Versicherung und Wassersport-Kasko-Versicherung. F\u00fcr vors\u00e4tzlich oder grob fahrl\u00e4ssig herbeigef\u00fchrte Sch\u00e4den haftet der Mieter in vollem Umfang. Nicht versichert sind die pers\u00f6nlichen Effekten sowie Unfallsch\u00e4den, die auf dem Boot befindliche Personen erleiden. Der Vermieter ist hierf\u00fcr nicht haftbar. Der Mieter \u00fcbernimmt das Boot auf eigene Verantwortung. Es wird darauf hingewiesen, dass der Abschluss einer Versicherung durch den Vermieter zu keiner Haftungsfreistellung des Mieters f\u00fcr diejenigen Sch\u00e4den f\u00fchrt, die von der Versicherung nicht \u00fcbernommen werden oder hinsichtlich derer die Versicherung sich ausdr\u00fccklich eine In-Regressnahme des Mieters vorbehalten hat. Dies gilt insbesondere f\u00fcr Sch\u00e4den infolge grober Fahrl\u00e4ssigkeit, Vorsatz oder Nichtbeachtung der Vertragsbedingungen sowie f\u00fcr etwaige Folgesch\u00e4den. Der Mieter haftet ebenfalls f\u00fcr Verdienstausf\u00e4lle durch Unverf\u00fcgbarkeit des Bootes durch von ihm verursachte Sch\u00e4den. Eine Haftung des Vermieters wegen Vertragsverletzungen aus h\u00f6herer Gewalt, Aufruhr, Streik und Aussperrungen wird ausgeschlossen. Schadensersatzanspr\u00fcche aus Unm\u00f6glichkeit der Leistung, wegen Nichterf\u00fcllung, aus positiver Vertragsverletzung, aus Verschulden bei Vertragsabschluss und aus unerlaubter Handlung sind sowohl gegen den Vermieter als auch gegen seine Erf\u00fcllungs- bzw. Verrichtungsgehilfen ausgeschlossen, soweit der Schaden nicht vors\u00e4tzlich oder grob fahrl\u00e4ssig verursacht wurde.<\/p>\n<p><b>10. Verschiedenes<\/b><br \/>\nAn Bord sind rutschfeste Boots- oder Turnschuhe mit hellen, nicht f\u00e4rbenden Sohlen zu tragen. Haustiere sind nicht gestattet.<\/p>\n<p><b>11. Gerichtsstand und G\u00fcltigkeit<\/b><br \/>\nGerichtsstand und Erf\u00fcllungsort ist Berlin. Es gilt ausschlie\u00dflich deutsches Recht. Zusagen und Nebenabreden bed\u00fcrfen der Schriftform. Die Unwirksamkeit einzelner Regelungen ber\u00fchrt nicht die G\u00fcltigkeit des Vertrages im \u00dcbrigen. Irrtum und \u00c4nderung vorbehalten.[\/vc_column_text][\/vc_column][\/vc_row]\n","protected":false},"excerpt":{"rendered":"<p>[vc_row type=&#8221;in_container&#8221; full_screen_row_position=&#8221;middle&#8221; column_margin=&#8221;default&#8221; column_direction=&#8221;default&#8221; column_direction_tablet=&#8221;default&#8221; column_direction_phone=&#8221;default&#8221; scene_position=&#8221;center&#8221; text_color=&#8221;dark&#8221; text_align=&#8221;left&#8221; row_border_radius=&#8221;none&#8221; row_border_radius_applies=&#8221;bg&#8221; overflow=&#8221;visible&#8221; overlay_strength=&#8221;0.3&#8243; gradient_direction=&#8221;left_to_right&#8221; shape_divider_position=&#8221;bottom&#8221; bg_image_animation=&#8221;none&#8221;][vc_column column_padding=&#8221;no-extra-padding&#8221; column_padding_tablet=&#8221;inherit&#8221; column_padding_phone=&#8221;inherit&#8221; column_padding_position=&#8221;all&#8221; column_element_spacing=&#8221;default&#8221; background_color_opacity=&#8221;1&#8243; background_hover_color_opacity=&#8221;1&#8243; column_shadow=&#8221;none&#8221; column_border_radius=&#8221;none&#8221; column_link_target=&#8221;_self&#8221; column_position=&#8221;default&#8221; gradient_direction=&#8221;left_to_right&#8221; overlay_strength=&#8221;0.3&#8243; width=&#8221;1\/1&#8243; tablet_width_inherit=&#8221;default&#8221; tablet_text_alignment=&#8221;default&#8221; phone_text_alignment=&#8221;default&#8221; animation_type=&#8221;default&#8221; bg_image_animation=&#8221;none&#8221; border_type=&#8221;simple&#8221; column_border_width=&#8221;none&#8221; column_border_style=&#8221;solid&#8221;][split_line_heading animation_type=&#8221;line-reveal-by-space&#8221; font_style=&#8221;h1&#8243; line_reveal_by_space_text_effect=&#8221;default&#8221; content_alignment=&#8221;default&#8221; mobile_content_alignment=&#8221;inherit&#8221; link_target=&#8221;_self&#8221; text_content=&#8221;ALLGEMEINE GESCH\u00c4FTS\u00adBEDINGUNGEN&#8221;][\/split_line_heading][vc_column_text]Die nachstehenden Bedingungen sind&#8230;<\/p>\n","protected":false},"author":1,"featured_media":0,"parent":0,"menu_order":0,"comment_status":"closed","ping_status":"closed","template":"","meta":{"footnotes":""},"class_list":["post-767","page","type-page","status-publish"],"yoast_head":"<!-- This site is optimized with the Yoast SEO plugin v27.4 - https:\/\/yoast.com\/product\/yoast-seo-wordpress\/ -->\n<title>AGB - Stadtboote Berlin<\/title>\n<meta name=\"robots\" content=\"index, follow, max-snippet:-1, max-image-preview:large, max-video-preview:-1\" \/>\n<link rel=\"canonical\" href=\"https:\/\/stadtboote.de\/en\/agb\/\" \/>\n<meta property=\"og:locale\" content=\"en_US\" \/>\n<meta property=\"og:type\" content=\"article\" \/>\n<meta property=\"og:title\" content=\"AGB - Stadtboote Berlin\" \/>\n<meta property=\"og:description\" content=\"[vc_row type=&#8221;in_container&#8221; full_screen_row_position=&#8221;middle&#8221; column_margin=&#8221;default&#8221; column_direction=&#8221;default&#8221; column_direction_tablet=&#8221;default&#8221; column_direction_phone=&#8221;default&#8221; scene_position=&#8221;center&#8221; text_color=&#8221;dark&#8221; text_align=&#8221;left&#8221; row_border_radius=&#8221;none&#8221; row_border_radius_applies=&#8221;bg&#8221; overflow=&#8221;visible&#8221; overlay_strength=&#8221;0.3&#8243; gradient_direction=&#8221;left_to_right&#8221; shape_divider_position=&#8221;bottom&#8221; bg_image_animation=&#8221;none&#8221;][vc_column column_padding=&#8221;no-extra-padding&#8221; column_padding_tablet=&#8221;inherit&#8221; column_padding_phone=&#8221;inherit&#8221; column_padding_position=&#8221;all&#8221; column_element_spacing=&#8221;default&#8221; background_color_opacity=&#8221;1&#8243; background_hover_color_opacity=&#8221;1&#8243; column_shadow=&#8221;none&#8221; column_border_radius=&#8221;none&#8221; column_link_target=&#8221;_self&#8221; column_position=&#8221;default&#8221; gradient_direction=&#8221;left_to_right&#8221; overlay_strength=&#8221;0.3&#8243; width=&#8221;1\/1&#8243; tablet_width_inherit=&#8221;default&#8221; tablet_text_alignment=&#8221;default&#8221; phone_text_alignment=&#8221;default&#8221; animation_type=&#8221;default&#8221; bg_image_animation=&#8221;none&#8221; border_type=&#8221;simple&#8221; column_border_width=&#8221;none&#8221; column_border_style=&#8221;solid&#8221;][split_line_heading animation_type=&#8221;line-reveal-by-space&#8221; font_style=&#8221;h1&#8243; line_reveal_by_space_text_effect=&#8221;default&#8221; content_alignment=&#8221;default&#8221; mobile_content_alignment=&#8221;inherit&#8221; link_target=&#8221;_self&#8221; text_content=&#8221;ALLGEMEINE GESCH\u00c4FTS\u00adBEDINGUNGEN&#8221;][\/split_line_heading][vc_column_text]Die nachstehenden Bedingungen sind...\" \/>\n<meta property=\"og:url\" content=\"https:\/\/stadtboote.de\/en\/agb\/\" \/>\n<meta property=\"og:site_name\" content=\"Stadtboote Berlin\" \/>\n<meta property=\"article:modified_time\" content=\"2022-06-02T10:04:58+00:00\" \/>\n<meta name=\"twitter:card\" content=\"summary_large_image\" \/>\n<meta name=\"twitter:label1\" content=\"Est. reading time\" \/>\n\t<meta name=\"twitter:data1\" content=\"5 minutes\" \/>\n<script type=\"application\/ld+json\" class=\"yoast-schema-graph\">{\"@context\":\"https:\\\/\\\/schema.org\",\"@graph\":[{\"@type\":\"WebPage\",\"@id\":\"https:\\\/\\\/stadtboote.de\\\/en\\\/agb\\\/\",\"url\":\"https:\\\/\\\/stadtboote.de\\\/en\\\/agb\\\/\",\"name\":\"AGB - Stadtboote Berlin\",\"isPartOf\":{\"@id\":\"https:\\\/\\\/stadtboote.de\\\/en\\\/#website\"},\"datePublished\":\"2022-05-31T10:00:22+00:00\",\"dateModified\":\"2022-06-02T10:04:58+00:00\",\"breadcrumb\":{\"@id\":\"https:\\\/\\\/stadtboote.de\\\/en\\\/agb\\\/#breadcrumb\"},\"inLanguage\":\"en-US\",\"potentialAction\":[{\"@type\":\"ReadAction\",\"target\":[\"https:\\\/\\\/stadtboote.de\\\/en\\\/agb\\\/\"]}]},{\"@type\":\"BreadcrumbList\",\"@id\":\"https:\\\/\\\/stadtboote.de\\\/en\\\/agb\\\/#breadcrumb\",\"itemListElement\":[{\"@type\":\"ListItem\",\"position\":1,\"name\":\"Home\",\"item\":\"https:\\\/\\\/stadtboote.de\\\/en\\\/home-page\\\/\"},{\"@type\":\"ListItem\",\"position\":2,\"name\":\"AGB\"}]},{\"@type\":\"WebSite\",\"@id\":\"https:\\\/\\\/stadtboote.de\\\/en\\\/#website\",\"url\":\"https:\\\/\\\/stadtboote.de\\\/en\\\/\",\"name\":\"Stadtboote Berlin\",\"description\":\"Schiffe mieten, Boote chartern, Bootsverleih, Schiffstour in Berlin\",\"potentialAction\":[{\"@type\":\"SearchAction\",\"target\":{\"@type\":\"EntryPoint\",\"urlTemplate\":\"https:\\\/\\\/stadtboote.de\\\/en\\\/?s={search_term_string}\"},\"query-input\":{\"@type\":\"PropertyValueSpecification\",\"valueRequired\":true,\"valueName\":\"search_term_string\"}}],\"inLanguage\":\"en-US\"}]}<\/script>\n<!-- \/ Yoast SEO plugin. -->","yoast_head_json":{"title":"AGB - Stadtboote Berlin","robots":{"index":"index","follow":"follow","max-snippet":"max-snippet:-1","max-image-preview":"max-image-preview:large","max-video-preview":"max-video-preview:-1"},"canonical":"https:\/\/stadtboote.de\/en\/agb\/","og_locale":"en_US","og_type":"article","og_title":"AGB - Stadtboote Berlin","og_description":"[vc_row type=&#8221;in_container&#8221; full_screen_row_position=&#8221;middle&#8221; column_margin=&#8221;default&#8221; column_direction=&#8221;default&#8221; column_direction_tablet=&#8221;default&#8221; column_direction_phone=&#8221;default&#8221; scene_position=&#8221;center&#8221; text_color=&#8221;dark&#8221; text_align=&#8221;left&#8221; row_border_radius=&#8221;none&#8221; row_border_radius_applies=&#8221;bg&#8221; overflow=&#8221;visible&#8221; overlay_strength=&#8221;0.3&#8243; gradient_direction=&#8221;left_to_right&#8221; shape_divider_position=&#8221;bottom&#8221; bg_image_animation=&#8221;none&#8221;][vc_column column_padding=&#8221;no-extra-padding&#8221; column_padding_tablet=&#8221;inherit&#8221; column_padding_phone=&#8221;inherit&#8221; column_padding_position=&#8221;all&#8221; column_element_spacing=&#8221;default&#8221; background_color_opacity=&#8221;1&#8243; background_hover_color_opacity=&#8221;1&#8243; column_shadow=&#8221;none&#8221; column_border_radius=&#8221;none&#8221; column_link_target=&#8221;_self&#8221; column_position=&#8221;default&#8221; gradient_direction=&#8221;left_to_right&#8221; overlay_strength=&#8221;0.3&#8243; width=&#8221;1\/1&#8243; tablet_width_inherit=&#8221;default&#8221; tablet_text_alignment=&#8221;default&#8221; phone_text_alignment=&#8221;default&#8221; animation_type=&#8221;default&#8221; bg_image_animation=&#8221;none&#8221; border_type=&#8221;simple&#8221; column_border_width=&#8221;none&#8221; column_border_style=&#8221;solid&#8221;][split_line_heading animation_type=&#8221;line-reveal-by-space&#8221; font_style=&#8221;h1&#8243; line_reveal_by_space_text_effect=&#8221;default&#8221; content_alignment=&#8221;default&#8221; mobile_content_alignment=&#8221;inherit&#8221; link_target=&#8221;_self&#8221; text_content=&#8221;ALLGEMEINE GESCH\u00c4FTS\u00adBEDINGUNGEN&#8221;][\/split_line_heading][vc_column_text]Die nachstehenden Bedingungen sind...","og_url":"https:\/\/stadtboote.de\/en\/agb\/","og_site_name":"Stadtboote Berlin","article_modified_time":"2022-06-02T10:04:58+00:00","twitter_card":"summary_large_image","twitter_misc":{"Est. reading time":"5 minutes"},"schema":{"@context":"https:\/\/schema.org","@graph":[{"@type":"WebPage","@id":"https:\/\/stadtboote.de\/en\/agb\/","url":"https:\/\/stadtboote.de\/en\/agb\/","name":"AGB - Stadtboote Berlin","isPartOf":{"@id":"https:\/\/stadtboote.de\/en\/#website"},"datePublished":"2022-05-31T10:00:22+00:00","dateModified":"2022-06-02T10:04:58+00:00","breadcrumb":{"@id":"https:\/\/stadtboote.de\/en\/agb\/#breadcrumb"},"inLanguage":"en-US","potentialAction":[{"@type":"ReadAction","target":["https:\/\/stadtboote.de\/en\/agb\/"]}]},{"@type":"BreadcrumbList","@id":"https:\/\/stadtboote.de\/en\/agb\/#breadcrumb","itemListElement":[{"@type":"ListItem","position":1,"name":"Home","item":"https:\/\/stadtboote.de\/en\/home-page\/"},{"@type":"ListItem","position":2,"name":"AGB"}]},{"@type":"WebSite","@id":"https:\/\/stadtboote.de\/en\/#website","url":"https:\/\/stadtboote.de\/en\/","name":"Stadtboote Berlin","description":"Schiffe mieten, Boote chartern, Bootsverleih, Schiffstour in Berlin","potentialAction":[{"@type":"SearchAction","target":{"@type":"EntryPoint","urlTemplate":"https:\/\/stadtboote.de\/en\/?s={search_term_string}"},"query-input":{"@type":"PropertyValueSpecification","valueRequired":true,"valueName":"search_term_string"}}],"inLanguage":"en-US"}]}},"_links":{"self":[{"href":"https:\/\/stadtboote.de\/en\/wp-json\/wp\/v2\/pages\/767","targetHints":{"allow":["GET"]}}],"collection":[{"href":"https:\/\/stadtboote.de\/en\/wp-json\/wp\/v2\/pages"}],"about":[{"href":"https:\/\/stadtboote.de\/en\/wp-json\/wp\/v2\/types\/page"}],"author":[{"embeddable":true,"href":"https:\/\/stadtboote.de\/en\/wp-json\/wp\/v2\/users\/1"}],"replies":[{"embeddable":true,"href":"https:\/\/stadtboote.de\/en\/wp-json\/wp\/v2\/comments?post=767"}],"version-history":[{"count":4,"href":"https:\/\/stadtboote.de\/en\/wp-json\/wp\/v2\/pages\/767\/revisions"}],"predecessor-version":[{"id":857,"href":"https:\/\/stadtboote.de\/en\/wp-json\/wp\/v2\/pages\/767\/revisions\/857"}],"wp:attachment":[{"href":"https:\/\/stadtboote.de\/en\/wp-json\/wp\/v2\/media?parent=767"}],"curies":[{"name":"wp","href":"https:\/\/api.w.org\/{rel}","templated":true}]}}